{"id":5472,"date":"2017-08-28T08:38:23","date_gmt":"2017-08-28T08:38:23","guid":{"rendered":"http:\/\/imesaza.es\/aviso-legal\/"},"modified":"2018-07-18T10:26:14","modified_gmt":"2018-07-18T10:26:14","slug":"legal-notice","status":"publish","type":"page","link":"https:\/\/imesaza.es\/en\/legal-notice\/","title":{"rendered":"Legal notice"},"content":{"rendered":"<p><strong>Informaci\u00f3n y condiciones de uso <\/strong><\/p>\n<p><strong><u>Informaci\u00f3n legal<\/u><\/strong><\/p>\n<p>El art\u00edculo 10 de la Ley 34\/2002, de 11 de julio, de Servicios de la Sociedad de la Informaci\u00f3n y de Comercio Electr\u00f3nico establece la obligaci\u00f3n de todos los prestadores de servicios de la sociedad de la informaci\u00f3n de disponer de medios que permitan, tanto a los destinatarios del servicio como a los \u00f3rganos competentes, a acceder por medios electr\u00f3nicos, de forma permanente, f\u00e1cil, directa y gratuita a determinada informaci\u00f3n que proporcionamos en este apartado.<\/p>\n<p>Datos del titular del sitio web www.imesaza.es:<\/p>\n<p><em>Titular<\/em>: IMESAZA, S.L.<br \/>\n<em>CIF<\/em>: B01367614<br \/>\n<em>Domicilio<\/em>: Calle Eskalmendi, n\u00ba 2-4<br \/>\n01013 de Vitoria (\u00c1lava)<br \/>\n<em>Tfno<\/em>.: 945 12 14 90<br \/>\n<em>Correo electr\u00f3nico<\/em>: imesaza@imesaza.es<\/p>\n<p><em>Datos de inscripci\u00f3n registral<\/em>: IMESAZA, S.L. se encuentra inscrita en el Registro Mercantil de \u00c1lava, al Tomo 1.150, Folio 85, Hoja VI-10122, Inscripci\u00f3n 1\u00aa.<\/p>\n<p><strong><u>Condiciones de uso del sitio web:<\/u><\/strong><\/p>\n<p>Al usar el sitio web www.imesaza.es, se entiende que el usuario ha le\u00eddo, entendido y aceptado \u00edntegramente y sin reservas este aviso legal, las condiciones de uso, la pol\u00edtica de privacidad y dem\u00e1s avisos o instrucciones que figuran en este sitio web, comprometi\u00e9ndose a hacer un buen uso del mismo conforme a la ley, la moral y el orden p\u00fablico.<\/p>\n<p>En caso de que el usuario no est\u00e9 de acuerdo, deber\u00e1 abstenerse de utilizar el sitio web www.imesaza.es.<\/p>\n<p>IMESAZA, S.L. se reserva el derecho de modificar en cualquier momento los contenidos, informaciones, los t\u00e9rminos de este sitio web, de las presentes condiciones de uso, pol\u00edticas de privacidad y dem\u00e1s avisos legales. En este caso, informaremos a los usuarios a trav\u00e9s del sitio web.<\/p>\n<p>En el sitio sitio web www.imesaza.es pueden existir enlaces a otros sitios o p\u00e1ginas web de terceros si bien no asume ning\u00fan tipo de responsabilidad sobre ellos ya que no tiene ning\u00fan tipo de control sobre los mismos. Por ello, el usuario accede bajo su exclusiva responsabilidad tanto al contenido que ofrecen como a sus condiciones de uso.<\/p>\n<p><strong><u>Derechos de autor y propiedad intelectual<\/u><\/strong><\/p>\n<p>El usuario reconoce y acepta que todas las marcas, nombres comerciales o signos distintivos, contenidos, todos los derechos de propiedad industrial e intelectual, y\/o cualesquiera otros elementos insertados en este sitio web, son propiedad exclusiva de IMESAZA, S.L. y\/o de terceros, quienes tiene el derecho exclusivo de utilizarlos en el tr\u00e1fico econ\u00f3mico.<\/p>\n<p>En ning\u00fan caso el acceso a la p\u00e1gina web implica ning\u00fan tipo de renuncia, transmisi\u00f3n, licencia o cesi\u00f3n total ni parcial de dichos derechos, salvo que se establezca expresamente lo contrario.<\/p>\n<p>De acuerdo con lo expuesto en el p\u00e1rrafo anterior, los usuarios de este sitio web tienen prohibida su reproducci\u00f3n, copia, cesi\u00f3n, distribuci\u00f3n, modificaci\u00f3n o cualquier otro uso, de forma total o parcial, respecto de la informaci\u00f3n y contenido de este sitio web sin la autorizaci\u00f3n previa y por escrita de IMESAZA, S.L.<\/p>\n<p>El contenido de este sitio web no podr\u00e1 ser reproducido ni en todo ni en parte, ni transmitido, ni registrado por ning\u00fan sistema de recuperaci\u00f3n de informaci\u00f3n, en ninguna forma ni en ning\u00fan medio, a menos que se cuente con la autorizaci\u00f3n previa, por escrito, de la citada Entidad.<\/p>\n<p>IMESAZA, S.L. es titular de los elementos que integran el dise\u00f1o gr\u00e1fico de su sitio web, los men\u00fas, el c\u00f3digo HTML, los textos, marcas, logotipos, combinaciones de colores, botones, im\u00e1genes, gr\u00e1ficos y cualquier otro contenido del sitio web, as\u00ed como de la estructura, selecci\u00f3n, ordenaci\u00f3n y presentaci\u00f3n de sus contenidos o, en cualquier caso, dispone de la correspondiente autorizaci\u00f3n para la utilizaci\u00f3n de dichos elementos.<\/p>\n<p>Por tanto, el usuario se obliga a usar este sitio web, sus contenidos y servicios de forma diligente y correcta, de acuerdo con la Ley, la moral, los buenos usos y costumbres, al orden p\u00fablico, la buena fe y estas condiciones generales de uso, con escrupuloso respeto a los derechos de propiedad intelectual que corresponden a IMESAZA, S.L.<\/p>\n<p>Se proh\u00edbe expresamente al usuario que utilice el sitio web con fines il\u00edcitos, prohibidos, lesivos de derechos de terceros o que puedan, de cualquier forma, da\u00f1ar la marca, la imagen o reputaci\u00f3n de IMESAZA, S.L.<\/p>\n<p>El usuario responder\u00e1 de los da\u00f1os y perjuicios de cualquier clase que IMESAZA, S.L. pueda sufrir como consecuencia del incumplimiento de cualquiera de las obligaciones a las que queda sometido por estas condiciones que sean de aplicaci\u00f3n. IMESAZA, S.L. se reserva el ejercicio de las acciones legales oportunas en defensa de sus derechos.<\/p>\n<p><strong><u>Protecci\u00f3n de datos de car\u00e1cter personal<\/u><\/strong><\/p>\n<p>En el sitio web www.imesaza.es se recaban datos personales a trav\u00e9s de la direcci\u00f3n de correo electr\u00f3nico habilitada para establecer contacto con nosotros.<\/p>\n<p>Tales datos ser\u00e1n tratados respetando la normativa vigente en cada momento en materia de protecci\u00f3n de datos de car\u00e1cter personal, y de acuerdo con la pol\u00edtica de privacidad descrita en el presente sitio web, que los usuarios deber\u00e1n leer antes de facilitar sus datos.<\/p>\n<p><strong><u>Comunicaciones comerciales<\/u><\/strong><\/p>\n<p>De acuerdo con lo dispuesto por la Ley 34\/2002, de 11 de julio, de Servicios de la Sociedad de la Informaci\u00f3n y de Comercio Electr\u00f3nico y de la Ley 56\/2007, de 28 de diciembre, de Medidas de Impulso de la Sociedad de la Informaci\u00f3n que la modifica, se informa a los usuarios del sitio web www.imesaza.es que no se les enviar\u00e1 publicidad o comunicaciones comerciales por correo electr\u00f3nico u otros medios de comunicaci\u00f3n electr\u00f3nica equivalentes sin su previa solicitud o consentimiento, que ser\u00e1 obtenido a trav\u00e9s de los correspondientes formularios habilitados al efecto.<\/p>\n<p>En todo caso los usuarios pondr\u00e1n oponerse o manifestar su negativa a la recepci\u00f3n de informaci\u00f3n comercial por medios electr\u00f3nicos enviando un correo electr\u00f3nico a imesaza@imesaza.es, facilit\u00e1ndose esta posibilidad en cada comunicaci\u00f3n que se le env\u00ede.<\/p>\n<p><strong><u>Responsabilidad del titular del sitio web<\/u><\/strong><\/p>\n<p>IMESAZA, S.L. no garantiza la ausencia de virus ni de otros elementos en los contenidos, por lo que no asume ninguna responsabilidad por da\u00f1os que se puedan causar en los equipos o sistemas de los usuarios por posibles virus inform\u00e1ticos que se hubieran podido contraer por la navegaci\u00f3n del usuario en el sitio web.<\/p>\n<p>Del mismo modo, el titular del sitio web www.imesaza.es tampoco controla ni garantiza el acceso continuado, ni la correcta visualizaci\u00f3n, descarga o utilidad de los elementos e informaciones contenidas en su sitio web, que pueden verse impedidos, dificultados o interrumpidos por factores o circunstancias que est\u00e1n fuera de su control y no se hace responsable en caso de existir interrupciones del servicio, demoras o mal funcionamiento cuando se deban a causas ajenas al control de IMESAZA, S.L., por fuerza mayor, ni la que se deba a una actuaci\u00f3n dolosa o culposa por parte del usuario.<\/p>\n<p>IMESAZA, S.L. no asume ninguna responsabilidad por la informaci\u00f3n que sobre nosotros pueda existir en de sitios web de terceros ni a la que se puede acceder a trav\u00e9s de buscadores o de enlaces de terceros a nuestro sitio web www.imesaza.es.<\/p>\n<p><strong><u>Uso de la web por menores de edad<\/u><\/strong><\/p>\n<p>Aunque el sitio web www.imesaza.es no est\u00e1 dirigido a menores de edad, se les permite su acceso. No obstante, en caso de que un menor desee solicitarnos informaci\u00f3n, s\u00f3lo podr\u00e1 hacerlo por s\u00ed mismo si es mayor de 14 a\u00f1os. En caso de los menores de 14 a\u00f1os, deber\u00e1 hacerlo quien ostente su patria potestad, tutor o representante legal, autorizando \u00e9ste en nombre de aqu\u00e9l el tratamiento de sus datos personales por parte de la empresa, de tal forma que quienes tengan a su cargo menores de edad asumen la exclusiva responsabilidad de determinar los servicios y contenidos de este sitio web que sean apropiados para la edad de los menores a su cargo.<\/p>\n<p>IMESAZA, S.L. no asume ninguna responsabilidad en caso de que menores de la edad mencionada nos faciliten sus datos personales incumpliendo estas obligaciones.<\/p>\n<p><strong><u>Enlaces desde otros sitios web a www.imesaza.es <\/u><\/strong><\/p>\n<p>Las personas o entidades que pretendan realizar o realicen un \u201chiperenlace\u201d desde una p\u00e1gina web ajena a IMESAZA, S.L. a cualquiera de las p\u00e1ginas de www.imesaza.es deber\u00e1n someterse a las siguientes condiciones:<\/p>\n<p>No se permite la reproducci\u00f3n ni total ni parcial de ninguno de los servicios ni contenidos de www.imesaza.es.<\/p>\n<p>No se incluir\u00e1 ninguna manifestaci\u00f3n falsa, inexacta o incorrecta sobre las p\u00e1ginas de www.imesaza.es ni sobre los servicios o contenidos del mismo.<\/p>\n<p>El establecimiento del &#8220;hiperenlace&#8221; no implicar\u00e1 la existencia de relaciones entre IMESAZA, S.L. y el titular de la p\u00e1gina web o del portal desde el cual se realice, ni el conocimiento y aceptaci\u00f3n de IMESAZA, S.L. de los servicios y contenidos ofrecidos en dicho portal.<\/p>\n<p>IMESAZA, S.L. no ser\u00e1 responsable de los contenidos o servicios puestos a disposici\u00f3n del p\u00fablico en la p\u00e1gina web o portal desde el cual se realice el &#8220;hiperenlace&#8221; ni de las informaciones y manifestaciones incluidas en las mismas.<\/p>\n<p><strong><u>Cookies<\/u><\/strong><\/p>\n<p>Las cookies son ficheros de texto de peque\u00f1o tama\u00f1o que se almacenan en el disco duro o en la memoria del ordenador que accede o visita las p\u00e1ginas de determinados sitios web, de forma que se puedan conocer las preferencias del usuario al volver a conectarse. Las cookies almacenadas en el disco duro del usuario no pueden leer los datos contenidos en \u00e9l, acceder a informaci\u00f3n personal ni leer las cookies creadas por otros proveedores.<\/p>\n<p>Ver informaci\u00f3n sobre las cookies utilizadas en este sitio web en el apartado \u201cPol\u00edtica las cookies\u201d.<\/p>\n<p><strong><u>Legislaci\u00f3n aplicable y jurisdicci\u00f3n<\/u><\/strong><\/p>\n<p>La actividad desarrollada a trav\u00e9s del sitio web www.imesaza.es est\u00e1 sometida a la legislaci\u00f3n espa\u00f1ola vigente que resulte de aplicaci\u00f3n.<\/p>\n<p>Para cualquier controversia o conflicto que resulte entre IMESAZA, S.L. y los usuarios del sitio web www.imesaza.es, las partes acuerdan expresamente someterse a la competencia de los Juzgados y Tribunales de Espa\u00f1a, concretamente los de la ciudad de Vitoria (\u00c1lava), con renuncia expresa a su fuero propio si lo tuvieren.<\/p>\n<p><strong><em>Texto de fecha: 25 de mayo de 2018<\/em><\/strong><\/p>\n","protected":false},"excerpt":{"rendered":"<p>Informaci\u00f3n y condiciones de uso Informaci\u00f3n legal El art\u00edculo 10 de la Ley 34\/2002, de 11 de julio, de Servicios de la Sociedad de la Informaci\u00f3n y de Comercio Electr\u00f3nico establece la obligaci\u00f3n de todos los prestadores de servicios de la sociedad de la informaci\u00f3n de disponer de medios que permitan, tanto a los destinatarios [&hellip;]<\/p>\n","protected":false},"author":3,"featured_media":0,"parent":0,"menu_order":0,"comment_status":"closed","ping_status":"closed","template":"","meta":{"footnotes":""},"yoast_head":"<!-- This site is optimized with the Yoast SEO plugin v22.1 - https:\/\/yoast.com\/wordpress\/plugins\/seo\/ -->\n<title>Legal notice - Imesaza<\/title>\n<meta name=\"robots\" content=\"index, follow, max-snippet:-1, max-image-preview:large, max-video-preview:-1\" \/>\n<link rel=\"canonical\" href=\"https:\/\/imesaza.es\/en\/legal-notice\/\" \/>\n<meta property=\"og:locale\" content=\"en_US\" \/>\n<meta property=\"og:type\" content=\"article\" \/>\n<meta property=\"og:title\" content=\"Legal notice - Imesaza\" \/>\n<meta property=\"og:description\" content=\"Informaci\u00f3n y condiciones de uso Informaci\u00f3n legal El art\u00edculo 10 de la Ley 34\/2002, de 11 de julio, de Servicios de la Sociedad de la Informaci\u00f3n y de Comercio Electr\u00f3nico establece la obligaci\u00f3n de todos los prestadores de servicios de la sociedad de la informaci\u00f3n de disponer de medios que permitan, tanto a los destinatarios [&hellip;]\" \/>\n<meta property=\"og:url\" content=\"https:\/\/imesaza.es\/en\/legal-notice\/\" \/>\n<meta property=\"og:site_name\" content=\"Imesaza\" \/>\n<meta property=\"article:modified_time\" content=\"2018-07-18T10:26:14+00:00\" \/>\n<meta name=\"twitter:card\" content=\"summary_large_image\" \/>\n<meta name=\"twitter:label1\" content=\"Est. reading time\" \/>\n\t<meta name=\"twitter:data1\" content=\"9 minutes\" \/>\n<script type=\"application\/ld+json\" class=\"yoast-schema-graph\">{\"@context\":\"https:\/\/schema.org\",\"@graph\":[{\"@type\":\"WebPage\",\"@id\":\"https:\/\/imesaza.es\/en\/legal-notice\/\",\"url\":\"https:\/\/imesaza.es\/en\/legal-notice\/\",\"name\":\"Legal notice - Imesaza\",\"isPartOf\":{\"@id\":\"https:\/\/imesaza.es\/#website\"},\"datePublished\":\"2017-08-28T08:38:23+00:00\",\"dateModified\":\"2018-07-18T10:26:14+00:00\",\"breadcrumb\":{\"@id\":\"https:\/\/imesaza.es\/en\/legal-notice\/#breadcrumb\"},\"inLanguage\":\"en-US\",\"potentialAction\":[{\"@type\":\"ReadAction\",\"target\":[\"https:\/\/imesaza.es\/en\/legal-notice\/\"]}]},{\"@type\":\"BreadcrumbList\",\"@id\":\"https:\/\/imesaza.es\/en\/legal-notice\/#breadcrumb\",\"itemListElement\":[{\"@type\":\"ListItem\",\"position\":1,\"name\":\"Portada\",\"item\":\"https:\/\/imesaza.es\/en\/\"},{\"@type\":\"ListItem\",\"position\":2,\"name\":\"Legal notice\"}]},{\"@type\":\"WebSite\",\"@id\":\"https:\/\/imesaza.es\/#website\",\"url\":\"https:\/\/imesaza.es\/\",\"name\":\"Imesaza tratamientos t\u00e9rmicos\",\"description\":\"Tratamientos t\u00e9rmicos al servicio del metal\",\"publisher\":{\"@id\":\"https:\/\/imesaza.es\/#organization\"},\"potentialAction\":[{\"@type\":\"SearchAction\",\"target\":{\"@type\":\"EntryPoint\",\"urlTemplate\":\"https:\/\/imesaza.es\/?s={search_term_string}\"},\"query-input\":\"required name=search_term_string\"}],\"inLanguage\":\"en-US\"},{\"@type\":\"Organization\",\"@id\":\"https:\/\/imesaza.es\/#organization\",\"name\":\"Imesaza\",\"url\":\"https:\/\/imesaza.es\/\",\"logo\":{\"@type\":\"ImageObject\",\"inLanguage\":\"en-US\",\"@id\":\"https:\/\/imesaza.es\/#\/schema\/logo\/image\/\",\"url\":\"https:\/\/imesaza.es\/wp-content\/uploads\/2017\/08\/logo_imesaza_group2.png\",\"contentUrl\":\"https:\/\/imesaza.es\/wp-content\/uploads\/2017\/08\/logo_imesaza_group2.png\",\"width\":250,\"height\":55,\"caption\":\"Imesaza\"},\"image\":{\"@id\":\"https:\/\/imesaza.es\/#\/schema\/logo\/image\/\"}}]}<\/script>\n<!-- \/ Yoast SEO plugin. -->","yoast_head_json":{"title":"Legal notice - Imesaza","robots":{"index":"index","follow":"follow","max-snippet":"max-snippet:-1","max-image-preview":"max-image-preview:large","max-video-preview":"max-video-preview:-1"},"canonical":"https:\/\/imesaza.es\/en\/legal-notice\/","og_locale":"en_US","og_type":"article","og_title":"Legal notice - Imesaza","og_description":"Informaci\u00f3n y condiciones de uso Informaci\u00f3n legal El art\u00edculo 10 de la Ley 34\/2002, de 11 de julio, de Servicios de la Sociedad de la Informaci\u00f3n y de Comercio Electr\u00f3nico establece la obligaci\u00f3n de todos los prestadores de servicios de la sociedad de la informaci\u00f3n de disponer de medios que permitan, tanto a los destinatarios [&hellip;]","og_url":"https:\/\/imesaza.es\/en\/legal-notice\/","og_site_name":"Imesaza","article_modified_time":"2018-07-18T10:26:14+00:00","twitter_card":"summary_large_image","twitter_misc":{"Est. reading time":"9 minutes"},"schema":{"@context":"https:\/\/schema.org","@graph":[{"@type":"WebPage","@id":"https:\/\/imesaza.es\/en\/legal-notice\/","url":"https:\/\/imesaza.es\/en\/legal-notice\/","name":"Legal notice - Imesaza","isPartOf":{"@id":"https:\/\/imesaza.es\/#website"},"datePublished":"2017-08-28T08:38:23+00:00","dateModified":"2018-07-18T10:26:14+00:00","breadcrumb":{"@id":"https:\/\/imesaza.es\/en\/legal-notice\/#breadcrumb"},"inLanguage":"en-US","potentialAction":[{"@type":"ReadAction","target":["https:\/\/imesaza.es\/en\/legal-notice\/"]}]},{"@type":"BreadcrumbList","@id":"https:\/\/imesaza.es\/en\/legal-notice\/#breadcrumb","itemListElement":[{"@type":"ListItem","position":1,"name":"Portada","item":"https:\/\/imesaza.es\/en\/"},{"@type":"ListItem","position":2,"name":"Legal notice"}]},{"@type":"WebSite","@id":"https:\/\/imesaza.es\/#website","url":"https:\/\/imesaza.es\/","name":"Imesaza tratamientos t\u00e9rmicos","description":"Tratamientos t\u00e9rmicos al servicio del metal","publisher":{"@id":"https:\/\/imesaza.es\/#organization"},"potentialAction":[{"@type":"SearchAction","target":{"@type":"EntryPoint","urlTemplate":"https:\/\/imesaza.es\/?s={search_term_string}"},"query-input":"required name=search_term_string"}],"inLanguage":"en-US"},{"@type":"Organization","@id":"https:\/\/imesaza.es\/#organization","name":"Imesaza","url":"https:\/\/imesaza.es\/","logo":{"@type":"ImageObject","inLanguage":"en-US","@id":"https:\/\/imesaza.es\/#\/schema\/logo\/image\/","url":"https:\/\/imesaza.es\/wp-content\/uploads\/2017\/08\/logo_imesaza_group2.png","contentUrl":"https:\/\/imesaza.es\/wp-content\/uploads\/2017\/08\/logo_imesaza_group2.png","width":250,"height":55,"caption":"Imesaza"},"image":{"@id":"https:\/\/imesaza.es\/#\/schema\/logo\/image\/"}}]}},"_links":{"self":[{"href":"https:\/\/imesaza.es\/en\/wp-json\/wp\/v2\/pages\/5472"}],"collection":[{"href":"https:\/\/imesaza.es\/en\/wp-json\/wp\/v2\/pages"}],"about":[{"href":"https:\/\/imesaza.es\/en\/wp-json\/wp\/v2\/types\/page"}],"author":[{"embeddable":true,"href":"https:\/\/imesaza.es\/en\/wp-json\/wp\/v2\/users\/3"}],"replies":[{"embeddable":true,"href":"https:\/\/imesaza.es\/en\/wp-json\/wp\/v2\/comments?post=5472"}],"version-history":[{"count":5,"href":"https:\/\/imesaza.es\/en\/wp-json\/wp\/v2\/pages\/5472\/revisions"}],"predecessor-version":[{"id":5797,"href":"https:\/\/imesaza.es\/en\/wp-json\/wp\/v2\/pages\/5472\/revisions\/5797"}],"wp:attachment":[{"href":"https:\/\/imesaza.es\/en\/wp-json\/wp\/v2\/media?parent=5472"}],"curies":[{"name":"wp","href":"https:\/\/api.w.org\/{rel}","templated":true}]}}