{"id":5494,"date":"2017-08-28T09:18:02","date_gmt":"2017-08-28T09:18:02","guid":{"rendered":"http:\/\/imesaza.es\/mapa-del-sitio\/"},"modified":"2017-09-19T11:44:46","modified_gmt":"2017-09-19T11:44:46","slug":"site-map","status":"publish","type":"page","link":"https:\/\/imesaza.es\/en\/site-map\/","title":{"rendered":"Site map"},"content":{"rendered":"<p>Imesaza.es<\/p>\n<ul>\n<li><a href=\"https:\/\/imesaza.es\/en\/\">Home &#8211; Presentation<\/a><\/li>\n<li><a href=\"\/?page_id=5336\">Processes and Services<\/a>\n<ul>\n<li><a href=\"\/?page_id=4097\">Tratamientos en Vac\u00edo y Alto Vac\u00edo<\/a><\/li>\n<li><a href=\"\/?page_id=4123\">Tratamientos Termoqu\u00edmicos en Vac\u00edo<\/a><\/li>\n<li><a href=\"\/?page_id=4125\">Tratamientos Termoqu\u00edmicos en Atm\u00f3sfera Controlada<\/a><\/li>\n<li><a href=\"\/?page_id=4127\">Tratamientos en Atm\u00f3sfera Controlada<\/a><\/li>\n<li><a href=\"\/?page_id=4129\">Otros Procesos<\/a><\/li>\n<li><a href=\"\/?page_id=4174\">Asesoramiento T\u00e9cnico de materiales y procesos<\/a><\/li>\n<\/ul>\n<\/li>\n<li><a href=\"\/?page_id=5479\">Informacion t\u00e9cnica<\/a>\n<ul>\n<li><a href=\"\/?page_id=5500\">Tabla de equivalencias de materiales<\/a><\/li>\n<li><a href=\"\/?page_id=5498\">Hardness table<br \/>\n <\/a><\/li>\n<li><a href=\"\/?page_id=5484\">Steel table<\/a><\/li>\n<li><a href=\"\/?page_id=5486\">Aluminum table<\/a><\/li>\n<li><a href=\"\/?page_id=5491\">Brass table<\/a><\/li>\n<li><a href=\"\/?page_id=5505\">Foundries table<\/a><\/li>\n<li><a href=\"\/?page_id=5482\">Other Alloys<\/a><\/li>\n<\/ul>\n<\/li>\n<li><a href=\"\/?page_id=5475\">Certificates<\/a><\/li>\n<li><a href=\"\/?page_id=5335\">Contact<\/a><\/li>\n<li><a href=\"\/?page_id=5503\">News<\/a><\/li>\n<li><a href=\"\/?page_id=5472\">Legal Notice<\/a><\/li>\n<li><a href=\"\/?page_id=5510\">Privacy Policy<\/a><\/li>\n<li><a href=\"\/?page_id=5507\">Quality Guarantee<\/a><\/li>\n<\/ul>\n","protected":false},"excerpt":{"rendered":"<p>Imesaza.es Home &#8211; Presentation Processes and Services Tratamientos en Vac\u00edo y Alto Vac\u00edo Tratamientos Termoqu\u00edmicos en Vac\u00edo Tratamientos Termoqu\u00edmicos en Atm\u00f3sfera Controlada Tratamientos en Atm\u00f3sfera Controlada Otros Procesos Asesoramiento T\u00e9cnico de materiales y procesos Informacion t\u00e9cnica Tabla de equivalencias de materiales Hardness table Steel table Aluminum table Brass table Foundries table Other Alloys Certificates Contact [&hellip;]<\/p>\n","protected":false},"author":3,"featured_media":0,"parent":0,"menu_order":0,"comment_status":"closed","ping_status":"closed","template":"","meta":{"footnotes":""},"yoast_head":"<!-- This site is optimized with the Yoast SEO plugin v22.1 - https:\/\/yoast.com\/wordpress\/plugins\/seo\/ -->\n<title>Site map - Imesaza<\/title>\n<meta name=\"robots\" content=\"index, follow, max-snippet:-1, max-image-preview:large, max-video-preview:-1\" \/>\n<link rel=\"canonical\" href=\"https:\/\/imesaza.es\/en\/site-map\/\" \/>\n<meta property=\"og:locale\" content=\"en_US\" \/>\n<meta property=\"og:type\" content=\"article\" \/>\n<meta property=\"og:title\" content=\"Site map - Imesaza\" \/>\n<meta property=\"og:description\" content=\"Imesaza.es Home &#8211; Presentation Processes and Services Tratamientos en Vac\u00edo y Alto Vac\u00edo Tratamientos Termoqu\u00edmicos en Vac\u00edo Tratamientos Termoqu\u00edmicos en Atm\u00f3sfera Controlada Tratamientos en Atm\u00f3sfera Controlada Otros Procesos Asesoramiento T\u00e9cnico de materiales y procesos Informacion t\u00e9cnica Tabla de equivalencias de materiales Hardness table Steel table Aluminum table Brass table Foundries table Other Alloys Certificates Contact [&hellip;]\" \/>\n<meta property=\"og:url\" content=\"https:\/\/imesaza.es\/en\/site-map\/\" \/>\n<meta property=\"og:site_name\" content=\"Imesaza\" \/>\n<meta property=\"article:modified_time\" content=\"2017-09-19T11:44:46+00:00\" \/>\n<meta name=\"twitter:card\" content=\"summary_large_image\" \/>\n<script type=\"application\/ld+json\" class=\"yoast-schema-graph\">{\"@context\":\"https:\/\/schema.org\",\"@graph\":[{\"@type\":\"WebPage\",\"@id\":\"https:\/\/imesaza.es\/en\/site-map\/\",\"url\":\"https:\/\/imesaza.es\/en\/site-map\/\",\"name\":\"Site map - Imesaza\",\"isPartOf\":{\"@id\":\"https:\/\/imesaza.es\/#website\"},\"datePublished\":\"2017-08-28T09:18:02+00:00\",\"dateModified\":\"2017-09-19T11:44:46+00:00\",\"breadcrumb\":{\"@id\":\"https:\/\/imesaza.es\/en\/site-map\/#breadcrumb\"},\"inLanguage\":\"en-US\",\"potentialAction\":[{\"@type\":\"ReadAction\",\"target\":[\"https:\/\/imesaza.es\/en\/site-map\/\"]}]},{\"@type\":\"BreadcrumbList\",\"@id\":\"https:\/\/imesaza.es\/en\/site-map\/#breadcrumb\",\"itemListElement\":[{\"@type\":\"ListItem\",\"position\":1,\"name\":\"Portada\",\"item\":\"https:\/\/imesaza.es\/en\/\"},{\"@type\":\"ListItem\",\"position\":2,\"name\":\"Site map\"}]},{\"@type\":\"WebSite\",\"@id\":\"https:\/\/imesaza.es\/#website\",\"url\":\"https:\/\/imesaza.es\/\",\"name\":\"Imesaza tratamientos t\u00e9rmicos\",\"description\":\"Tratamientos t\u00e9rmicos al servicio del metal\",\"publisher\":{\"@id\":\"https:\/\/imesaza.es\/#organization\"},\"potentialAction\":[{\"@type\":\"SearchAction\",\"target\":{\"@type\":\"EntryPoint\",\"urlTemplate\":\"https:\/\/imesaza.es\/?s={search_term_string}\"},\"query-input\":\"required name=search_term_string\"}],\"inLanguage\":\"en-US\"},{\"@type\":\"Organization\",\"@id\":\"https:\/\/imesaza.es\/#organization\",\"name\":\"Imesaza\",\"url\":\"https:\/\/imesaza.es\/\",\"logo\":{\"@type\":\"ImageObject\",\"inLanguage\":\"en-US\",\"@id\":\"https:\/\/imesaza.es\/#\/schema\/logo\/image\/\",\"url\":\"https:\/\/imesaza.es\/wp-content\/uploads\/2017\/08\/logo_imesaza_group2.png\",\"contentUrl\":\"https:\/\/imesaza.es\/wp-content\/uploads\/2017\/08\/logo_imesaza_group2.png\",\"width\":250,\"height\":55,\"caption\":\"Imesaza\"},\"image\":{\"@id\":\"https:\/\/imesaza.es\/#\/schema\/logo\/image\/\"}}]}<\/script>\n<!-- \/ Yoast SEO plugin. -->","yoast_head_json":{"title":"Site map - Imesaza","robots":{"index":"index","follow":"follow","max-snippet":"max-snippet:-1","max-image-preview":"max-image-preview:large","max-video-preview":"max-video-preview:-1"},"canonical":"https:\/\/imesaza.es\/en\/site-map\/","og_locale":"en_US","og_type":"article","og_title":"Site map - Imesaza","og_description":"Imesaza.es Home &#8211; Presentation Processes and Services Tratamientos en Vac\u00edo y Alto Vac\u00edo Tratamientos Termoqu\u00edmicos en Vac\u00edo Tratamientos Termoqu\u00edmicos en Atm\u00f3sfera Controlada Tratamientos en Atm\u00f3sfera Controlada Otros Procesos Asesoramiento T\u00e9cnico de materiales y procesos Informacion t\u00e9cnica Tabla de equivalencias de materiales Hardness table Steel table Aluminum table Brass table Foundries table Other Alloys Certificates Contact [&hellip;]","og_url":"https:\/\/imesaza.es\/en\/site-map\/","og_site_name":"Imesaza","article_modified_time":"2017-09-19T11:44:46+00:00","twitter_card":"summary_large_image","schema":{"@context":"https:\/\/schema.org","@graph":[{"@type":"WebPage","@id":"https:\/\/imesaza.es\/en\/site-map\/","url":"https:\/\/imesaza.es\/en\/site-map\/","name":"Site map - Imesaza","isPartOf":{"@id":"https:\/\/imesaza.es\/#website"},"datePublished":"2017-08-28T09:18:02+00:00","dateModified":"2017-09-19T11:44:46+00:00","breadcrumb":{"@id":"https:\/\/imesaza.es\/en\/site-map\/#breadcrumb"},"inLanguage":"en-US","potentialAction":[{"@type":"ReadAction","target":["https:\/\/imesaza.es\/en\/site-map\/"]}]},{"@type":"BreadcrumbList","@id":"https:\/\/imesaza.es\/en\/site-map\/#breadcrumb","itemListElement":[{"@type":"ListItem","position":1,"name":"Portada","item":"https:\/\/imesaza.es\/en\/"},{"@type":"ListItem","position":2,"name":"Site map"}]},{"@type":"WebSite","@id":"https:\/\/imesaza.es\/#website","url":"https:\/\/imesaza.es\/","name":"Imesaza tratamientos t\u00e9rmicos","description":"Tratamientos t\u00e9rmicos al servicio del metal","publisher":{"@id":"https:\/\/imesaza.es\/#organization"},"potentialAction":[{"@type":"SearchAction","target":{"@type":"EntryPoint","urlTemplate":"https:\/\/imesaza.es\/?s={search_term_string}"},"query-input":"required name=search_term_string"}],"inLanguage":"en-US"},{"@type":"Organization","@id":"https:\/\/imesaza.es\/#organization","name":"Imesaza","url":"https:\/\/imesaza.es\/","logo":{"@type":"ImageObject","inLanguage":"en-US","@id":"https:\/\/imesaza.es\/#\/schema\/logo\/image\/","url":"https:\/\/imesaza.es\/wp-content\/uploads\/2017\/08\/logo_imesaza_group2.png","contentUrl":"https:\/\/imesaza.es\/wp-content\/uploads\/2017\/08\/logo_imesaza_group2.png","width":250,"height":55,"caption":"Imesaza"},"image":{"@id":"https:\/\/imesaza.es\/#\/schema\/logo\/image\/"}}]}},"_links":{"self":[{"href":"https:\/\/imesaza.es\/en\/wp-json\/wp\/v2\/pages\/5494"}],"collection":[{"href":"https:\/\/imesaza.es\/en\/wp-json\/wp\/v2\/pages"}],"about":[{"href":"https:\/\/imesaza.es\/en\/wp-json\/wp\/v2\/types\/page"}],"author":[{"embeddable":true,"href":"https:\/\/imesaza.es\/en\/wp-json\/wp\/v2\/users\/3"}],"replies":[{"embeddable":true,"href":"https:\/\/imesaza.es\/en\/wp-json\/wp\/v2\/comments?post=5494"}],"version-history":[{"count":5,"href":"https:\/\/imesaza.es\/en\/wp-json\/wp\/v2\/pages\/5494\/revisions"}],"predecessor-version":[{"id":5609,"href":"https:\/\/imesaza.es\/en\/wp-json\/wp\/v2\/pages\/5494\/revisions\/5609"}],"wp:attachment":[{"href":"https:\/\/imesaza.es\/en\/wp-json\/wp\/v2\/media?parent=5494"}],"curies":[{"name":"wp","href":"https:\/\/api.w.org\/{rel}","templated":true}]}}